{"id":195,"date":"2020-03-26T12:12:45","date_gmt":"2020-03-26T12:12:45","guid":{"rendered":"https:\/\/harley-davidsoninsurance.be\/fr\/?page_id=195"},"modified":"2023-01-23T13:40:28","modified_gmt":"2023-01-23T13:40:28","slug":"lattestation-bonusmalus","status":"publish","type":"page","link":"https:\/\/harley-davidsoninsurance.be\/fr\/lattestation-bonusmalus\/","title":{"rendered":"L\u2019attestation de sinistralit\u00e9"},"content":{"rendered":"\n<p>Si vous changez d\u2019assureur ou vous voulez assurer une Harley-Davidson\u00ae suppl\u00e9mentaire, nous vous demandons de prouver vos ant\u00e9c\u00e9dents des 5 derni\u00e8res ann\u00e9es.\u00a0 Vous pouvez demander ce document (attestation de sinistralit\u00e9) \u00e0 votre assureur actuel. Il est aussi possible pour certains assureurs de consulter et d&rsquo;imprimer l\u2019attestation vous-m\u00eame via le site de car@attest.\u00a0 Pour acc\u00e9der \u00e0 votre attestation sur le site <a href=\"http:\/\/www.carattest.be\">www.carattest.be<\/a> \u00a0vous avez besoin d\u2019un lecteur de carte \u00e9lectronique, votre carte d\u2019identit\u00e9 et le code PIN. <\/p>\n\n\n\n<p>Ci-dessous vous trouvez la\nliste des assureurs participants :<\/p>\n\n\n\n<p>AG Insurance&nbsp;,&nbsp;Allianz Belgium, Alpha Insurance, Amma Assurances,&nbsp;Argenta, Axa Belgium, Baloise Insurance, Belfius Assurances,&nbsp;Corona Direct&nbsp;,&nbsp;Delta Lloyd Life,&nbsp;Ethias&nbsp;,&nbsp;F\u00e9d\u00e9rale Assurances&nbsp;,&nbsp;Fidea, Foyer Assurances,&nbsp;Generali Belgium&nbsp;,&nbsp;KBC Assurances&nbsp;,&nbsp;L&rsquo;Ardenne Prevoyante, Nateus, Nationale Suisse,&nbsp;P&amp;V Assurances&nbsp;,&nbsp;Partners Assurances&nbsp;,&nbsp;Yuzzu Assurances&nbsp;, TVM Belgium<\/p>\n\n\n<p><span lang=\"FR-BE\">Seules les attestations \u00e0<br \/>partir du 1er avril 2013 seront disponibles sur le site <\/span><a href=\"https:\/\/www.carattest.be\"><span lang=\"FR-BE\">https:\/\/www.carattest.be<\/span><\/a><span lang=\"FR-BE\">. Les attestations pr\u00e9c\u00e9dant cette date seront envoy\u00e9es par la poste.<\/span><\/p>\n<p><!-- \/wp:post-content --><!-- wp:paragraph --><\/p>\n\n<!-- wp:paragraph -->\n<p>Vous avez des questions ? N\u2019h\u00e9sitez pas \u00e0 nous contacter au 03\/808.49.60 ou via <a href=\"mailto:info@harley-davidsoninsurance.be\">info@harley-davidsoninsurance.be<\/a><\/p>\n<!-- \/wp:paragraph -->","protected":false},"excerpt":{"rendered":"<p>Si vous changez d\u2019assureur ou vous voulez assurer une Harley-Davidson\u00ae suppl\u00e9mentaire, nous vous demandons de prouver vos ant\u00e9c\u00e9dents des 5 derni\u00e8res ann\u00e9es.\u00a0 Vous pouvez demander ce document (attestation de sinistralit\u00e9) \u00e0 votre assureur actuel. Il est aussi possible pour certains assureurs de consulter et d&rsquo;imprimer l\u2019attestation vous-m\u00eame via le site de car@attest.\u00a0 Pour acc\u00e9der \u00e0<a class=\"excerpt-read-more\" href=\"https:\/\/harley-davidsoninsurance.be\/fr\/lattestation-bonusmalus\/\" title=\"ReadL\u2019attestation de sinistralit\u00e9\">&#8230; Read more &raquo;<\/a><\/p>\n","protected":false},"author":2,"featured_media":0,"parent":0,"menu_order":0,"comment_status":"closed","ping_status":"closed","template":"","meta":{"_acf_changed":false,"footnotes":""},"class_list":["post-195","page","type-page","status-publish","hentry"],"acf":[],"_links":{"self":[{"href":"https:\/\/harley-davidsoninsurance.be\/fr\/wp-json\/wp\/v2\/pages\/195","targetHints":{"allow":["GET"]}}],"collection":[{"href":"https:\/\/harley-davidsoninsurance.be\/fr\/wp-json\/wp\/v2\/pages"}],"about":[{"href":"https:\/\/harley-davidsoninsurance.be\/fr\/wp-json\/wp\/v2\/types\/page"}],"author":[{"embeddable":true,"href":"https:\/\/harley-davidsoninsurance.be\/fr\/wp-json\/wp\/v2\/users\/2"}],"replies":[{"embeddable":true,"href":"https:\/\/harley-davidsoninsurance.be\/fr\/wp-json\/wp\/v2\/comments?post=195"}],"version-history":[{"count":2,"href":"https:\/\/harley-davidsoninsurance.be\/fr\/wp-json\/wp\/v2\/pages\/195\/revisions"}],"predecessor-version":[{"id":292,"href":"https:\/\/harley-davidsoninsurance.be\/fr\/wp-json\/wp\/v2\/pages\/195\/revisions\/292"}],"wp:attachment":[{"href":"https:\/\/harley-davidsoninsurance.be\/fr\/wp-json\/wp\/v2\/media?parent=195"}],"curies":[{"name":"wp","href":"https:\/\/api.w.org\/{rel}","templated":true}]}}