{"id":63,"date":"2019-11-08T10:21:03","date_gmt":"2019-11-08T10:21:03","guid":{"rendered":"https:\/\/hdi.bijna.online\/be\/?page_id=63"},"modified":"2024-04-23T12:30:59","modified_gmt":"2024-04-23T12:30:59","slug":"assurance-harley-davidson","status":"publish","type":"page","link":"https:\/\/harley-davidsoninsurance.be\/fr\/assurance-harley-davidson\/","title":{"rendered":"Assurance Harley-Davidson"},"content":{"rendered":"\n<h2 class=\"wp-block-heading\"><strong>Pour garantir&nbsp;un plaisir de conduire sans souci, choisissez Harley-Davidson\u00ae Insurance<\/strong>*<\/h2>\n\n\n\n<p>Harley-Davidson Insurance comprend mieux&nbsp;que quiconque combien il est agr\u00e9able de conduire une Harley-Davidson. Le plus important est que vous puissiez prendre la route en toute tranquillit\u00e9 d&rsquo;esprit. Que vous conduisiez un Softail\u00ae, un Road King\u00ae, un Pan America\u2122 ou un Ultra Limited\u00ae, nous veillons \u00e0 ce que vous soyez correctement assur\u00e9. En choisissant nos garanties pour votre moto Harley-Davidson\u00ae, vous choisissez votre protection et celle de votre moto selon vos besoins.<\/p>\n\n\n\n<hr class=\"wp-block-separator has-css-opacity\"\/>\n\n\n\n<h2 class=\"wp-block-heading has-text-align-center\"><strong>Nous vous proposons quatre formules d\u2019assurance <strong>diff\u00e9rentes<\/strong>&nbsp;:<\/strong><\/h2>\n\n\n\n<div class=\"wp-block-columns has-2-columns is-layout-flex wp-container-core-columns-is-layout-9d6595d7 wp-block-columns-is-layout-flex\">\n<div class=\"wp-block-column is-layout-flow wp-block-column-is-layout-flow\">\n<h3 class=\"wp-block-heading\"> <strong>1) RC (Responsabilit\u00e9 Civile) \u00e0 partir de 190 \u20ac par an<\/strong> <\/h3>\n\n\n\n<p>Cette assurance obligatoire pour votre Harley-Davidson\u00ae indemnise les dommages que vous (ou votre moto) pourriez causer \u00e0 de tierces personnes.<\/p>\n<\/div>\n\n\n\n<div class=\"wp-block-column is-layout-flow wp-block-column-is-layout-flow\">\n<h3 class=\"wp-block-heading\"><strong>2) Mini Omnium<\/strong><\/h3>\n\n\n\n<p>En plus du vol (ou de la tentative de vol), l\u2019assurance \u2018\u2019Mini Omnium\u2019\u2019 couvre les dommages&nbsp;provoqu\u00e9s, entre autres, par un incendie, une collision avec des animaux en libert\u00e9 et les forces de la nature. <\/p>\n<\/div>\n<\/div>\n\n\n\n<div class=\"wp-block-columns has-2-columns is-layout-flex wp-container-core-columns-is-layout-9d6595d7 wp-block-columns-is-layout-flex\">\n<div class=\"wp-block-column is-layout-flow wp-block-column-is-layout-flow\">\n<h3 class=\"wp-block-heading\"><strong>3) Full Omnium<\/strong><\/h3>\n\n\n\n<p>En plus des garanties de la Mini Omnium,&nbsp;la formule  \u2018\u2019Full Omnium\u2019\u2019 couvre les&nbsp;dommages mat\u00e9riels \u00e0 votre moto, que vous soyez en tort ou non et couvre \u00e9galement les d\u00e9g\u00e2ts dus \u00e0 des&nbsp;actes&nbsp;de&nbsp;vandalisme. <\/p>\n<\/div>\n\n\n\n<div class=\"wp-block-column is-layout-flow wp-block-column-is-layout-flow\">\n<h3 class=\"wp-block-heading\"><strong>4) Full Omnium TOP<\/strong><\/h3>\n\n\n\n<p>En choisissant cette formule, votre Harley-Davidson garde 100% de sa valeur durant les 3 premi\u00e8res ann\u00e9es, \u00e0 compter de la date d&rsquo;achat du v\u00e9hicule. Les v\u00eatements de moto sont aussi assur\u00e9s jusqu\u2019\u00e0 1.500 \u20ac par occupant du v\u00e9hicule (passagers&nbsp;et&nbsp;conducteur). De plus, cette formule d\u2019assurance couvre vos bagages jusqu&rsquo;\u00e0 2.500 \u20ac. <\/p>\n<\/div>\n<\/div>\n\n\n\n<hr class=\"wp-block-separator has-css-opacity\"\/>\n\n\n\n<p>Vous trouverez ci-dessous un tableau&nbsp;comparatif&nbsp;des&nbsp;formules d&rsquo;assurance que nous vous proposons&nbsp;:<\/p>\n\n\n<div id=\"table-scroll\" class=\"table-scroll\">\n\t<table id=\"premie-tabelblock_fec4e343619bde53c50672d5db223b80\" class=\"premie-tabel\">\t\n\t\t    <thead>\n\t\t \t<tr>\n\t\t\t \t<th>D\u00e9tails de la couverture<\/th>\n\t\t\t \t<th class=\"dekking\">RC<\/th>\n\t\t\t \t<th class=\"dekking\">Mini Omnium<\/th>\n\t\t\t \t<th class=\"dekking\">Full Omnium<\/th>\n\t\t\t \t<th class=\"dekking\">Full Omnium Top<\/th>\n\t\t \t<\/tr>\n\t    <\/thead>\n\t   \n\t <tbody> \n\t \n\t \t\t<tr>\n\t\t\t<th>Dommages caus\u00e9s aux tiers<\/th>\t\n\t\t\t<td class=\"dekking\"><i class=\"fa fa-check\"><\/i><\/td>\n\t\t\t<td class=\"dekking\"><i class=\"fa fa-check\"><\/i><\/td>\t\n\t\t\t<td class=\"dekking\"><i class=\"fa fa-check\"><\/i><\/td>\t\n\t\t\t<td class=\"dekking\"><i class=\"fa fa-check\"><\/i><\/td>\t\n\t\t<\/tr>\n\t\t\t\t<tr>\n\t\t\t<th>Assistance apr\u00e8s accident<\/th>\t\n\t\t\t<td class=\"dekking\"><i class=\"fa fa-check\"><\/i><\/td>\n\t\t\t<td class=\"dekking\"><i class=\"fa fa-check\"><\/i><\/td>\t\n\t\t\t<td class=\"dekking\"><i class=\"fa fa-check\"><\/i><\/td>\t\n\t\t\t<td class=\"dekking\"><i class=\"fa fa-check\"><\/i><\/td>\t\n\t\t<\/tr>\n\t\t\t\t<tr>\n\t\t\t<th>Franchise<\/th>\t\n\t\t\t<td class=\"dekking\">0 \u20ac<\/td>\n\t\t\t<td class=\"dekking\">0 \u20ac<\/td>\t\n\t\t\t<td class=\"dekking\">0 \u20ac<\/td>\t\n\t\t\t<td class=\"dekking\">0 \u20ac<\/td>\t\n\t\t<\/tr>\n\t\t\t\t<tr>\n\t\t\t<th>Remplacement de serrure (jusqu&rsquo;\u00e0 maximum 500 \u20ac) en cas de tentative de vol<\/th>\t\n\t\t\t<td class=\"dekking\"><i class=\"fa fa-times\"><\/i><\/td>\n\t\t\t<td class=\"dekking\"><i class=\"fa fa-check\"><\/i><\/td>\t\n\t\t\t<td class=\"dekking\"><i class=\"fa fa-check\"><\/i><\/td>\t\n\t\t\t<td class=\"dekking\"><i class=\"fa fa-check\"><\/i><\/td>\t\n\t\t<\/tr>\n\t\t\t\t<tr>\n\t\t\t<th>Incendie ; vol ; catastrophes naturelles<\/th>\t\n\t\t\t<td class=\"dekking\"><i class=\"fa fa-times\"><\/i><\/td>\n\t\t\t<td class=\"dekking\"><i class=\"fa fa-check\"><\/i><\/td>\t\n\t\t\t<td class=\"dekking\"><i class=\"fa fa-check\"><\/i><\/td>\t\n\t\t\t<td class=\"dekking\"><i class=\"fa fa-check\"><\/i><\/td>\t\n\t\t<\/tr>\n\t\t\t\t<tr>\n\t\t\t<th>Dommages caus\u00e9s par vous-m\u00eame<\/th>\t\n\t\t\t<td class=\"dekking\"><i class=\"fa fa-times\"><\/i><\/td>\n\t\t\t<td class=\"dekking\"><i class=\"fa fa-times\"><\/i><\/td>\t\n\t\t\t<td class=\"dekking\"><i class=\"fa fa-check\"><\/i><\/td>\t\n\t\t\t<td class=\"dekking\"><i class=\"fa fa-check\"><\/i><\/td>\t\n\t\t<\/tr>\n\t\t\t\t<tr>\n\t\t\t<th>Indemnisation correspondante \u00e0 la valeur d&rsquo;acquisition (pas d&rsquo;amortissement durant les 3 premi\u00e8res ann\u00e9es)<\/th>\t\n\t\t\t<td class=\"dekking\"><i class=\"fa fa-times\"><\/i><\/td>\n\t\t\t<td class=\"dekking\"><i class=\"fa fa-times\"><\/i><\/td>\t\n\t\t\t<td class=\"dekking\"><i class=\"fa fa-times\"><\/i><\/td>\t\n\t\t\t<td class=\"dekking\"><i class=\"fa fa-check\"><\/i><\/td>\t\n\t\t<\/tr>\n\t\t\t\t<tr>\n\t\t\t<th>Assurance v\u00eatements de moto incluse (jusqu\u2019\u00e0)<\/th>\t\n\t\t\t<td class=\"dekking\"><i class=\"fa fa-times\"><\/i><\/td>\n\t\t\t<td class=\"dekking\"><i class=\"fa fa-times\"><\/i><\/td>\t\n\t\t\t<td class=\"dekking\"><i class=\"fa fa-times\"><\/i><\/td>\t\n\t\t\t<td class=\"dekking\">Jusqu\u2019\u00e0 1.500 \u20ac<\/td>\t\n\t\t<\/tr>\n\t\t\t\t<tr>\n\t\t\t<th>Assurance bagages incluse (jusqu\u2019\u00e0)<\/th>\t\n\t\t\t<td class=\"dekking\"><i class=\"fa fa-times\"><\/i><\/td>\n\t\t\t<td class=\"dekking\"><i class=\"fa fa-times\"><\/i><\/td>\t\n\t\t\t<td class=\"dekking\"><i class=\"fa fa-times\"><\/i><\/td>\t\n\t\t\t<td class=\"dekking\">Jusqu\u2019\u00e0 2.500 \u20ac<\/td>\t\n\t\t<\/tr>\n\t\t  \n\t <\/tbody>     \n\t<\/table>\n<\/div>\n\n\n<hr class=\"wp-block-separator has-css-opacity\"\/>\n\n\n\n<h2 class=\"wp-block-heading\"><strong>Assurances compl\u00e9mentaires<\/strong><\/h2>\n\n\n\n<p><strong>Assurance Conducteu<\/strong>r<\/p>\n\n\n\n<p>En cas de d\u00e9c\u00e8s ou d&rsquo;invalidit\u00e9 apr\u00e8s un accident,&nbsp;cette assurance compl\u00e9mentaire pr\u00e9voit le versement d&rsquo;un montant fixe aux proches. Le remboursement des frais m\u00e9dicaux jusqu&rsquo;\u00e0&nbsp;2.500 \u20ac est \u00e9galement pris en charge par cette assurance.<\/p>\n\n\n\n<p><strong>Assurance Protection Juridique<\/strong><\/p>\n\n\n\n<p>Avec cette option compl\u00e9mentaire, votre d\u00e9fense p\u00e9nale est prise en charge suite \u00e0 une infraction avec le v\u00e9hicule assur\u00e9. Vous b\u00e9n\u00e9ficiez \u00e9galement de l&rsquo;aide juridique n\u00e9cessaire pour certains litiges concernant la garantie constructeur, un vice de construction, etc. Enfin, la protection juridique couvre les frais de d\u00e9marches, enqu\u00eates et honoraires dans le cadre du recours contre un tiers qui aurait caus\u00e9 des dommages \u00e0 votre Harley-Davidson\u00ae.<\/p>\n\n\n\n<p><strong>Assistance d\u00e9pannage (pour les motos jusqu\u2019\u00e0 10 ans)<\/strong><\/p>\n\n\n\n<p>Gr\u00e2ce \u00e0 cette garantie compl\u00e9mentaire, vous b\u00e9n\u00e9ficiez de l\u2019assistance suite \u00e0 une panne partout en Europe (l\u2019assistance apr\u00e8s accident est d\u00e9j\u00e0 incluse dans toutes nos formules d\u2019assurance). Si le probl\u00e8me technique ne peut \u00eatre r\u00e9solu sur place,&nbsp;votre moto sera transf\u00e9r\u00e9e jusqu\u2019\u00e0 un garage.<\/p>\n\n\n\n<hr class=\"wp-block-separator has-css-opacity\"\/>\n\n\n\n<h2 class=\"wp-block-heading has-text-align-center\"><strong>Avantages et r\u00e9ductions<\/strong><\/h2>\n\n\n\n\n<div id=\"content-image-block_574038cef0d9251297ce83c2795e3729\" class=\"grid-x content-image-block\">\n\t\n\t\t\n\t<div class=\"cell medium-6 image\" style=\"background: url(https:\/\/harley-davidsoninsurance.be\/fr\/wp-content\/uploads\/2024\/02\/1702066776-STREET_GLIDE_WHISKEY_FIRE-2_V3.jpg) no-repeat center center;\">\n\t\t\t\n\t<\/div>\n\t\t\t\t\n\t<div class=\"cell medium-6 text\">\n\t\n\t<p><strong>RC \u00e0 partir de 190 \u20ac par an !<\/strong><\/p>\n<p>La responsabilit\u00e9 civile (RC) est l&rsquo;assurance minimum obligatoire pour pouvoir prendre la route \u00e0 moto. Chez Harley-Davidson Insurance, vous \u00eates assur\u00e9 \u00e0 partir de 190 \u20ac par an, assistance apr\u00e8s accident incluse.<\/p>\n\t\n\t<\/div>\n\t\n\t\t\n<\/div>\n\n\n\n<div id=\"content-image-block_5a311d68f165cc5b70c8e5d90c9971d9\" class=\"grid-x content-image-block\">\n\t\n\t\t\n\t\t<div class=\"cell medium-6 text\">\n\t\n\t<p><strong>Pause hivernale<\/strong><\/p>\n<p>Vous ne roulez pas en hiver? La pause hivernale est alors une bonne solution pour vous: durant la p\u00e9riode du 15 d\u00e9cembre au 1er mars, les garanties Omnium ayant rapport avec l\u2019utilisation de la moto sont suspendues. En optant pour la pause hivernale, vous obtiendrez une remise sur votre prime d&rsquo;assurance.<\/p>\n\t\n\t<\/div>\n\t\n\t<div class=\"cell medium-6 image\" style=\"background: url(https:\/\/harley-davidsoninsurance.be\/fr\/wp-content\/uploads\/2024\/02\/MY24-RA1250S-9.jpg) no-repeat center center;\">\n\t\t\t\n\t<\/div>\n\t\t\t\t\n\t\n\t\n\t\t\n<\/div>\n\n\n\n<div id=\"content-image-block_a6b3b36a01e9d61e494cbe30d17c348e\" class=\"grid-x content-image-block\">\n\t\n\t\t\n\t<div class=\"cell medium-6 image\" style=\"background: url(https:\/\/harley-davidsoninsurance.be\/fr\/wp-content\/uploads\/2024\/02\/MY24-RA1250SE-RIDING-1155-AB.jpg) no-repeat center center;\">\n\t\t\t\n\t<\/div>\n\t\t\t\t\n\t<div class=\"cell medium-6 text\">\n\t\n\t<p><strong>Full Omnium pour les motos jusqu&rsquo;\u00e0 15 ans<\/strong><\/p>\n<p>La valeur des motos Harley-Davidson\u00ae est stable, alors pourquoi devrions-nous limiter la couverture Full Omnium aux motos de moins 3 ans? Nous vous offrons la possibilit\u00e9 l\u2019assurer votre Harley-Davidson\u00ae en \u2018\u2019Full Omnium\u2019\u2019 jusqu&rsquo;\u00e0 15 ans ! Vous serez ainsi indemnis\u00e9 pour tout sinistre en tort, seul et m\u00eame en cas de vandalisme.<\/p>\n\t\n\t<\/div>\n\t\n\t\t\n<\/div>\n\n\n\n<div id=\"content-image-block_d59ac9e38ee6851f2fd36e634b2cd1a8\" class=\"grid-x content-image-block\">\n\t\n\t\t\n\t\t<div class=\"cell medium-6 text\">\n\t\n\t<p><strong>Franchise \u00e0 0 \u20ac<\/strong><\/p>\n<p>En cas de r\u00e9paration par un concessionnaire officiel Harley-Davidson\u00ae, vous b\u00e9n\u00e9ficiez d&rsquo;une franchise de 0 \u20ac. Si vous pr\u00e9f\u00e9rez un r\u00e9parateur ind\u00e9pendant plut\u00f4t qu\u2019un concessionnaire officiel Harley-Davidson\u00ae, la franchise est de 1.500 \u20ac.<\/p>\n\t\n\t<\/div>\n\t\n\t<div class=\"cell medium-6 image\" style=\"background: url(https:\/\/harley-davidsoninsurance.be\/fr\/wp-content\/uploads\/2024\/02\/MY24-RH1250S-LIFESTYLE-0109-BC.jpg) no-repeat center center;\">\n\t\t\t\n\t<\/div>\n\t\t\t\t\n\t\n\t\n\t\t\n<\/div>\n\n\n\n<div id=\"content-image-block_e0e7eedd6da6f19fb91edb7d253c25b7\" class=\"grid-x content-image-block\">\n\t\n\t\t\n\t<div class=\"cell medium-6 image\" style=\"background: url(https:\/\/harley-davidsoninsurance.be\/fr\/wp-content\/uploads\/2024\/02\/MY24-GROUP-RIDING-2329-AB-3-copy.jpg) no-repeat center center;\">\n\t\t\t\n\t<\/div>\n\t\t\t\t\n\t<div class=\"cell medium-6 text\">\n\t\n\t<p><strong>R\u00e8glement rapide des sinistres<\/strong><\/p>\n<p>En assurant votre moto chez Harley-Davidson Insurance, vous b\u00e9n\u00e9ficiez de conseils personnalis\u00e9s pour tous les aspects de votre assurance moto. Et en cas de sinistre, cela fait toute la diff\u00e9rence. Votre d\u00e9claration de sinistre est trait\u00e9e dans les plus brefs d\u00e9lais et nous vous informons \u00e0 chaque \u00e9tape de l&rsquo;avancement de votre dossier. Vous aurez votre propre personne de contact qui veillera \u00e0 ce que vos dommages soient rapidement r\u00e9par\u00e9s ou indemnis\u00e9s et que vous puissiez reprendre la route.<\/p>\n<p>&nbsp;<\/p>\n\t\n\t<\/div>\n\t\n\t\t\n<\/div>\n\n\n<p>Curieux de savoir quel serait le montant votre prime ? <a href=\"https:\/\/premie.harley-davidsoninsurance.be\/offertes\/nieuw\/1ad2cf00-fadc-4dfd-a2ae-8b030d565a87?label=harley-davidson&amp;lang=fr\" data-type=\"URL\" data-id=\"https:\/\/premie.harley-davidsoninsurance.be\/offertes\/nieuw\/1ad2cf00-fadc-4dfd-a2ae-8b030d565a87?label=harley-davidson&amp;lang=fr\">Faites votre calcul ici!<\/a><\/p>\n\n\n\n<p>Souhaitez-vous en savoir plus ? N&rsquo;h\u00e9sitez pas \u00e0 nous contacter au 03\/808.49.60 du lundi au vendredi de 09h00 \u00e0 17h00.<\/p>\n","protected":false},"excerpt":{"rendered":"<p>Pour garantir&nbsp;un plaisir de conduire sans souci, choisissez Harley-Davidson\u00ae Insurance* Harley-Davidson Insurance comprend mieux&nbsp;que quiconque combien il est agr\u00e9able de conduire une Harley-Davidson. Le plus important est que vous puissiez prendre la route en toute tranquillit\u00e9 d&rsquo;esprit. Que vous conduisiez un Softail\u00ae, un Road King\u00ae, un Pan America\u2122 ou un Ultra Limited\u00ae, nous veillons \u00e0<a class=\"excerpt-read-more\" href=\"https:\/\/harley-davidsoninsurance.be\/fr\/assurance-harley-davidson\/\" title=\"ReadAssurance Harley-Davidson\">&#8230; Read more &raquo;<\/a><\/p>\n","protected":false},"author":1,"featured_media":0,"parent":0,"menu_order":0,"comment_status":"closed","ping_status":"closed","template":"template-full-width.php","meta":{"_acf_changed":false,"footnotes":""},"class_list":["post-63","page","type-page","status-publish","hentry"],"acf":[],"_links":{"self":[{"href":"https:\/\/harley-davidsoninsurance.be\/fr\/wp-json\/wp\/v2\/pages\/63","targetHints":{"allow":["GET"]}}],"collection":[{"href":"https:\/\/harley-davidsoninsurance.be\/fr\/wp-json\/wp\/v2\/pages"}],"about":[{"href":"https:\/\/harley-davidsoninsurance.be\/fr\/wp-json\/wp\/v2\/types\/page"}],"author":[{"embeddable":true,"href":"https:\/\/harley-davidsoninsurance.be\/fr\/wp-json\/wp\/v2\/users\/1"}],"replies":[{"embeddable":true,"href":"https:\/\/harley-davidsoninsurance.be\/fr\/wp-json\/wp\/v2\/comments?post=63"}],"version-history":[{"count":55,"href":"https:\/\/harley-davidsoninsurance.be\/fr\/wp-json\/wp\/v2\/pages\/63\/revisions"}],"predecessor-version":[{"id":383,"href":"https:\/\/harley-davidsoninsurance.be\/fr\/wp-json\/wp\/v2\/pages\/63\/revisions\/383"}],"wp:attachment":[{"href":"https:\/\/harley-davidsoninsurance.be\/fr\/wp-json\/wp\/v2\/media?parent=63"}],"curies":[{"name":"wp","href":"https:\/\/api.w.org\/{rel}","templated":true}]}}