{"id":85,"date":"2019-11-08T10:40:34","date_gmt":"2019-11-08T10:40:34","guid":{"rendered":"https:\/\/hdi.bijna.online\/be\/?page_id=85"},"modified":"2023-01-23T13:28:15","modified_gmt":"2023-01-23T13:28:15","slug":"schade-melden-francais","status":"publish","type":"page","link":"https:\/\/harley-davidsoninsurance.be\/fr\/schade-melden-francais\/","title":{"rendered":"D\u00e9clarez un sinistre ou un vol"},"content":{"rendered":"\n<p>Si vous d\u00e9clarez un sinistre ou un vol, veuillez utiliser un constat de sinistre europ\u00e9en (t\u00e9l\u00e9charger ici). N&rsquo;oubliez pas de remplir les deux c\u00f4t\u00e9s s.v.p. \u00a0! Vous pouvez ajouter le document \u00e0 la fin de votre d\u00e9claration.<\/p>\n\n\n\n<div class=\"wp-block-file\"><a id=\"wp-block-file--media-e8f2ea73-2da3-41bc-b5ef-ed255870af5d\" href=\"https:\/\/harley-davidsoninsurance.be\/fr\/wp-content\/uploads\/2022\/02\/Constat-Amiable-DAccident-Automobile.pdf\">Constat-Amiable-DAccident-Automobile<\/a><a href=\"https:\/\/harley-davidsoninsurance.be\/fr\/wp-content\/uploads\/2022\/02\/Constat-Amiable-DAccident-Automobile.pdf\" class=\"wp-block-file__button wp-element-button\" download aria-describedby=\"wp-block-file--media-e8f2ea73-2da3-41bc-b5ef-ed255870af5d\">Download<\/a><\/div>\n\n\n\n<p>N\u2019h\u00e9sitez\npas \u00e0 nous contacter si vous avez des questions concernant votre dossier vol ou\nun autre dossier sinistre.&nbsp;\n<\/p>\n\n\n\n<p><strong>D\u00e9g\u00e2ts mat\u00e9riels<\/strong><\/p>\n\n\n\n<p>Si\nvous avez des dommages caus\u00e9s par votre faute ou un tiers, mais pas de\nprotection juridique ? Contactez-nous au 03\/808.49.60 ou envoyez un mail \u00e0 <a href=\"mailto:info@harley-davidsoninsurance.be\">info@harley-davidsoninsurance.be<\/a><\/p>\n\n\n\n<h3 class=\"wp-block-heading\">Vol<\/h3>\n\n\n\n<p>En cas de vol ou une tentative de vol de votre Harley-Davidson ? Contactez-nous au 03\/808.49.60 ou envoyez un mail \u00e0 <a href=\"mailto:info@harley-davidsoninsurance.be\">info@harley-davidsoninsurance.be<\/a><\/p>\n","protected":false},"excerpt":{"rendered":"<p>Si vous d\u00e9clarez un sinistre ou un vol, veuillez utiliser un constat de sinistre europ\u00e9en (t\u00e9l\u00e9charger ici). N&rsquo;oubliez pas de remplir les deux c\u00f4t\u00e9s s.v.p. \u00a0! Vous pouvez ajouter le document \u00e0 la fin de votre d\u00e9claration. N\u2019h\u00e9sitez pas \u00e0 nous contacter si vous avez des questions concernant votre dossier vol ou un autre dossier<a class=\"excerpt-read-more\" href=\"https:\/\/harley-davidsoninsurance.be\/fr\/schade-melden-francais\/\" title=\"ReadD\u00e9clarez un sinistre ou un vol\">&#8230; Read more &raquo;<\/a><\/p>\n","protected":false},"author":1,"featured_media":0,"parent":0,"menu_order":0,"comment_status":"closed","ping_status":"closed","template":"","meta":{"_acf_changed":false,"footnotes":""},"class_list":["post-85","page","type-page","status-publish","hentry"],"acf":[],"_links":{"self":[{"href":"https:\/\/harley-davidsoninsurance.be\/fr\/wp-json\/wp\/v2\/pages\/85","targetHints":{"allow":["GET"]}}],"collection":[{"href":"https:\/\/harley-davidsoninsurance.be\/fr\/wp-json\/wp\/v2\/pages"}],"about":[{"href":"https:\/\/harley-davidsoninsurance.be\/fr\/wp-json\/wp\/v2\/types\/page"}],"author":[{"embeddable":true,"href":"https:\/\/harley-davidsoninsurance.be\/fr\/wp-json\/wp\/v2\/users\/1"}],"replies":[{"embeddable":true,"href":"https:\/\/harley-davidsoninsurance.be\/fr\/wp-json\/wp\/v2\/comments?post=85"}],"version-history":[{"count":4,"href":"https:\/\/harley-davidsoninsurance.be\/fr\/wp-json\/wp\/v2\/pages\/85\/revisions"}],"predecessor-version":[{"id":287,"href":"https:\/\/harley-davidsoninsurance.be\/fr\/wp-json\/wp\/v2\/pages\/85\/revisions\/287"}],"wp:attachment":[{"href":"https:\/\/harley-davidsoninsurance.be\/fr\/wp-json\/wp\/v2\/media?parent=85"}],"curies":[{"name":"wp","href":"https:\/\/api.w.org\/{rel}","templated":true}]}}